{"id":1356,"date":"2022-10-19T13:19:45","date_gmt":"2022-10-19T06:19:45","guid":{"rendered":"https:\/\/cpwovenbag.com\/?page_id=1356"},"modified":"2025-12-26T10:39:51","modified_gmt":"2025-12-26T03:39:51","slug":"bao-det-chat-luong-cao","status":"publish","type":"page","link":"https:\/\/cpwovenbag.com\/th\/bao-det-chat-luong-cao\/","title":{"rendered":"BAO D\u1ec6T CH\u1ea4T L\u01af\u1ee2NG CAO"},"content":{"rendered":"<div data-vc-full-width=\"true\" data-vc-full-width-init=\"false\" data-vc-parallax=\"1.5\" class=\"vc_row wpb_row vc_row-fluid vc_custom_1586573182203 vc_row-has-fill vc_general vc_parallax vc_parallax-content-moving\"><div class=\"wpb_column vc_column_container vc_col-sm-6\"><div class=\"vc_column-inner vc_custom_1586573226241\"><div class=\"wpb_wrapper\"><div  class=\"vc_wp_text wpb_content_element\"><div class=\"widget widget_text\">\t\t\t<div class=\"textwidget\"><\/p>\n<h3 id=\"Quality\" class=\"themecolor\" style=\"font-weight: bold; margin-bottom: 5px;\">Ch\u1ea5t l\u01b0\u1ee3ng<\/h3>\n<h3>Bao PP d\u1ec7t ch\u1ea5t l\u01b0\u1ee3ng cao &#8211; V\u01b0\u1ee3t xa<br \/>\n\u0111i\u1ec1u b\u00ecnh th\u01b0\u1eddng<\/h3>\n<p>\u0110\u1ed9i ng\u0169 nh\u00e2n vi\u00ean chuy\u00ean nghi\u1ec7p c\u1ee7a ch\u00fang t\u00f4i s\u1ea3n xu\u1ea5t c\u1ea9n th\u1eadn t\u1eebng b\u01b0\u1edbc theo ti\u00eau chu\u1ea9n ki\u1ec3m so\u00e1t ch\u1ea5t l\u01b0\u1ee3ng cao \u0111\u1ec3 \u0111\u1ea3m b\u1ea3o mang \u0111\u1ebfn s\u1ef1 h\u00e0i l\u00f2ng cho kh\u00e1ch h\u00e0ng. T\u00fai d\u1ec7t PP c\u1ee7a ch\u00fang t\u00f4i \u0111\u01b0\u1ee3c trang b\u1ecb t\u1ed1t kh\u00f4ng ch\u1ec9 cho c\u1ea3 m\u00e1y chi\u1ebft r\u00f3t th\u1ee7 c\u00f4ng v\u00e0 t\u1ef1 \u0111\u1ed9ng m\u00e0 c\u00f2n \u0111\u1ec3 t\u1ea1o th\u01b0\u01a1ng hi\u1ec7u v\u00e0 th\u1eadm ch\u00ed c\u1ea3 vi\u1ec7c s\u1eed d\u1ee5ng ch\u1ee9c n\u0103ng th\u00f4ng th\u01b0\u1eddng.<\/p>\n<\/div>\n\t\t<\/div><\/div><\/div><\/div><\/div><div class=\"wpb_column vc_column_container vc_col-sm-6\"><div class=\"vc_column-inner vc_custom_1586573218366\"><div class=\"wpb_wrapper\">\r\n\t<div  class=\"wpb_single_image wpb_content_element vc_align_center\">\r\n\t\t\r\n\t\t<figure class=\"wpb_wrapper vc_figure\">\r\n\t\t\t<div class=\"vc_single_image-wrapper vc_box_rounded  vc_box_border_grey\"><img loading=\"lazy\" decoding=\"async\" width=\"1076\" height=\"534\" src=\"https:\/\/cpwovenbag.com\/wp-content\/uploads\/2025\/12\/ISO-1.png\" class=\"vc_single_image-img attachment-full\" alt=\"\" srcset=\"https:\/\/cpwovenbag.com\/wp-content\/uploads\/2025\/12\/ISO-1.png 1076w, https:\/\/cpwovenbag.com\/wp-content\/uploads\/2025\/12\/ISO-1-300x149.png 300w, https:\/\/cpwovenbag.com\/wp-content\/uploads\/2025\/12\/ISO-1-1024x508.png 1024w, https:\/\/cpwovenbag.com\/wp-content\/uploads\/2025\/12\/ISO-1-768x381.png 768w, https:\/\/cpwovenbag.com\/wp-content\/uploads\/2025\/12\/ISO-1-18x9.png 18w, https:\/\/cpwovenbag.com\/wp-content\/uploads\/2025\/12\/ISO-1-260x129.png 260w, https:\/\/cpwovenbag.com\/wp-content\/uploads\/2025\/12\/ISO-1-50x25.png 50w, https:\/\/cpwovenbag.com\/wp-content\/uploads\/2025\/12\/ISO-1-150x75.png 150w\" sizes=\"auto, (max-width: 1076px) 100vw, 1076px\" \/><\/div>\r\n\t\t<\/figure>\r\n\t<\/div>\r\n<\/div><\/div><\/div><\/div><div class=\"vc_row-full-width vc_clearfix\"><\/div><div class=\"vc_row wpb_row vc_row-fluid\"><div class=\"wpb_column vc_column_container vc_col-sm-12\"><div class=\"vc_column-inner\"><div class=\"wpb_wrapper\">\r\n\t<div class=\"wpb_text_column wpb_content_element\" >\r\n\t\t<div class=\"wpb_wrapper\">\r\n\t\t\t<h3><strong>N\u0102NG L\u01af\u1ee2NG T\u00c1I T\u1ea0O<\/strong><\/h3>\n<p>C.P. Poly-Industry Co., Ltd. t\u1eeb l\u00e2u \u0111\u00e3 \u0111\u01b0\u1ee3c th\u1ef1c hi\u1ec7n tr\u00ean h\u1ec7 th\u1ed1ng qu\u1ea3n l\u00fd, ki\u1ec3m so\u00e1t ch\u1ea5t l\u01b0\u1ee3ng v\u00e0 d\u1ecbch v\u1ee5 t\u1ed1t. K\u1ec3 t\u1eeb ng\u00e0y 22\/02\/1998, c\u00f4ng ty \u0111\u00e3 \u0111\u01b0\u1ee3c ch\u1ee9ng nh\u1eadn GMP, HACCP, ISO 9002 v\u00e0 \u0111\u1ea7u n\u0103m 2000 \u0111\u01b0\u1ee3c ch\u1ee9ng nh\u1eadn ISO 9001. C\u0169ng v\u1edbi \u00fd th\u1ee9c cao v\u1ec1 b\u1ea3o v\u1ec7 m\u00f4i tr\u01b0\u1eddng, c\u00f4ng ty \u0111\u00e3 \u0111\u1ea1t ch\u1ee9ng ch\u1ec9 ISO 14001 t\u1eeb th\u00e1ng 10 n\u0103m 2000 v\u00e0 d\u1ea5u v\u1ebft carbon v\u00e0o n\u0103m 2017.<\/p>\n\r\n\t\t<\/div>\r\n\t<\/div>\r\n<\/div><\/div><\/div><\/div><div class=\"vc_row wpb_row vc_row-fluid\"><div class=\"wpb_column vc_column_container vc_col-sm-4\"><div class=\"vc_column-inner\"><div class=\"wpb_wrapper\">\r\n\t<div  class=\"wpb_single_image wpb_content_element vc_align_center\">\r\n\t\t\r\n\t\t<figure class=\"wpb_wrapper vc_figure\">\r\n\t\t\t<div class=\"vc_single_image-wrapper vc_box_rounded  vc_box_border_grey\"><img loading=\"lazy\" decoding=\"async\" width=\"800\" height=\"600\" src=\"https:\/\/cpwovenbag.com\/wp-content\/uploads\/2020\/03\/qa-02.png\" class=\"vc_single_image-img attachment-full\" alt=\"\" srcset=\"https:\/\/cpwovenbag.com\/wp-content\/uploads\/2020\/03\/qa-02.png 800w, https:\/\/cpwovenbag.com\/wp-content\/uploads\/2020\/03\/qa-02-300x225.png 300w, https:\/\/cpwovenbag.com\/wp-content\/uploads\/2020\/03\/qa-02-768x576.png 768w, https:\/\/cpwovenbag.com\/wp-content\/uploads\/2020\/03\/qa-02-195x146.png 195w, https:\/\/cpwovenbag.com\/wp-content\/uploads\/2020\/03\/qa-02-50x38.png 50w, https:\/\/cpwovenbag.com\/wp-content\/uploads\/2020\/03\/qa-02-100x75.png 100w\" sizes=\"auto, (max-width: 800px) 100vw, 800px\" \/><\/div>\r\n\t\t<\/figure>\r\n\t<\/div>\r\n<\/div><\/div><\/div><div class=\"wpb_column vc_column_container vc_col-sm-4\"><div class=\"vc_column-inner\"><div class=\"wpb_wrapper\">\r\n\t<div  class=\"wpb_single_image wpb_content_element vc_align_center\">\r\n\t\t\r\n\t\t<figure class=\"wpb_wrapper vc_figure\">\r\n\t\t\t<div class=\"vc_single_image-wrapper vc_box_rounded  vc_box_border_grey\"><img loading=\"lazy\" decoding=\"async\" width=\"800\" height=\"600\" src=\"https:\/\/cpwovenbag.com\/wp-content\/uploads\/2020\/03\/qa-01.png\" class=\"vc_single_image-img attachment-full\" alt=\"\" srcset=\"https:\/\/cpwovenbag.com\/wp-content\/uploads\/2020\/03\/qa-01.png 800w, https:\/\/cpwovenbag.com\/wp-content\/uploads\/2020\/03\/qa-01-300x225.png 300w, https:\/\/cpwovenbag.com\/wp-content\/uploads\/2020\/03\/qa-01-768x576.png 768w, https:\/\/cpwovenbag.com\/wp-content\/uploads\/2020\/03\/qa-01-195x146.png 195w, https:\/\/cpwovenbag.com\/wp-content\/uploads\/2020\/03\/qa-01-50x38.png 50w, https:\/\/cpwovenbag.com\/wp-content\/uploads\/2020\/03\/qa-01-100x75.png 100w\" sizes=\"auto, (max-width: 800px) 100vw, 800px\" \/><\/div>\r\n\t\t<\/figure>\r\n\t<\/div>\r\n<\/div><\/div><\/div><div class=\"wpb_column vc_column_container vc_col-sm-4\"><div class=\"vc_column-inner\"><div class=\"wpb_wrapper\">\r\n\t<div  class=\"wpb_single_image wpb_content_element vc_align_center\">\r\n\t\t\r\n\t\t<figure class=\"wpb_wrapper vc_figure\">\r\n\t\t\t<div class=\"vc_single_image-wrapper vc_box_rounded  vc_box_border_grey\"><img loading=\"lazy\" decoding=\"async\" width=\"800\" height=\"600\" src=\"https:\/\/cpwovenbag.com\/wp-content\/uploads\/2020\/03\/qa-03.png\" class=\"vc_single_image-img attachment-full\" alt=\"\" srcset=\"https:\/\/cpwovenbag.com\/wp-content\/uploads\/2020\/03\/qa-03.png 800w, https:\/\/cpwovenbag.com\/wp-content\/uploads\/2020\/03\/qa-03-300x225.png 300w, https:\/\/cpwovenbag.com\/wp-content\/uploads\/2020\/03\/qa-03-768x576.png 768w, https:\/\/cpwovenbag.com\/wp-content\/uploads\/2020\/03\/qa-03-195x146.png 195w, https:\/\/cpwovenbag.com\/wp-content\/uploads\/2020\/03\/qa-03-50x38.png 50w, https:\/\/cpwovenbag.com\/wp-content\/uploads\/2020\/03\/qa-03-100x75.png 100w\" sizes=\"auto, (max-width: 800px) 100vw, 800px\" \/><\/div>\r\n\t\t<\/figure>\r\n\t<\/div>\r\n<\/div><\/div><\/div><\/div><div class=\"vc_row wpb_row vc_row-fluid\"><div class=\"wpb_column vc_column_container vc_col-sm-12\"><div class=\"vc_column-inner\"><div class=\"wpb_wrapper\">\r\n\t<div class=\"wpb_text_column wpb_content_element\" >\r\n\t\t<div class=\"wpb_wrapper\">\r\n\t\t\t<p style=\"text-align: left;\">Kh\u00f4ng ch\u1ec9 d\u1ef1a tr\u00ean c\u00e1c d\u1ecbch v\u1ee5 h\u00e0i l\u00f2ng v\u00e0 s\u1ea3n ph\u1ea9m ch\u1ea5t l\u01b0\u1ee3ng m\u00e0 c\u00e1c c\u00f4ng ty hi\u1ec7n \u0111ang nh\u1ea5n m\u1ea1nh, ch\u00fang t\u00f4i c\u00f2n nh\u1eadn th\u1ee9c v\u1ec1 m\u00f4i tr\u01b0\u1eddng, \u0111\u1eb7c bi\u1ec7t l\u00e0 v\u1ec1 ti\u1ebft ki\u1ec7m n\u0103ng l\u01b0\u1ee3ng.<\/p>\n\r\n\t\t<\/div>\r\n\t<\/div>\r\n\r\n\t<div class=\"wpb_text_column wpb_content_element\" >\r\n\t\t<div class=\"wpb_wrapper\">\r\n\t\t\t<p style=\"text-align: left;\">C\u00e1c c\u00f4ng ty \u0111\u00e3 \u0111\u1ea1t \u0111\u01b0\u1ee3c th\u00e0nh c\u00f4ng trong vi\u1ec7c t\u0103ng tr\u01b0\u1edfng ti\u1ebfp th\u1ecb v\u1edbi c\u00e1c s\u1ea3n ph\u1ea9m m\u1edbi nh\u1edd quy\u1ebft t\u00e2m m\u1ea1nh m\u1ebd trong vi\u1ec7c ph\u00e1t tri\u1ec3n s\u1ea3n ph\u1ea9m m\u1edbi, tinh th\u1ea7n ph\u1ee5c v\u1ee5 \u1edf m\u1ecdi c\u1ea5p \u0111\u1ed9 nh\u00e2n vi\u00ean v\u00e0 s\u1ef1 nh\u1ea5t qu\u00e1n tu\u00e2n theo c\u00e1c ti\u00eau chu\u1ea9n m\u00f4i tr\u01b0\u1eddng. S\u1ef1 th\u00e0nh c\u00f4ng nh\u01b0 v\u1eady c\u0169ng d\u1eabn \u0111\u1ebfn ngu\u1ed3n nh\u00e2n l\u1ef1c c\u1ee7a c\u00f4ng ty c\u00f3 tr\u00e1ch nhi\u1ec7m cao, \u0111\u1ed5i m\u1edbi v\u00e0 \u0111\u01b0\u1ee3c ch\u1ea5p nh\u1eadn trong m\u1eaft kh\u00e1ch h\u00e0ng v\u00e0 to\u00e0n x\u00e3 h\u1ed9i.<\/p>\n\r\n\t\t<\/div>\r\n\t<\/div>\r\n<\/div><\/div><\/div><\/div><div class=\"vc_row wpb_row vc_row-fluid\"><div class=\"wpb_column vc_column_container vc_col-sm-12\"><div class=\"vc_column-inner\"><div class=\"wpb_wrapper\">\r\n\t<div class=\"wpb_raw_code wpb_raw_js\" >\r\n\t\t<div class=\"wpb_wrapper\">\r\n\t\t\t<script type=\"text\/javascript\">\njQuery(document).ready(function(){\n    setTimeout(function(){ \n        jQuery(window).scrollTop(jQuery('#Quality').offset().top - 100);\n    }, 100);\n});\n<\/script>\r\n\t\t<\/div>\r\n\t<\/div>\r\n<\/div><\/div><\/div><\/div>","protected":false},"excerpt":{"rendered":"Ch\u1ea5t l\u01b0\u1ee3ng Bao PP d\u1ec7t ch\u1ea5t l\u01b0\u1ee3ng cao - V\u01b0\u1ee3t xa \u0111i\u1ec1u b\u00ecnh th\u01b0\u1eddng \u0110\u1ed9i ng\u0169 nh\u00e2n vi\u00ean chuy\u00ean nghi\u1ec7p c\u1ee7a ch\u00fang t\u00f4i s\u1ea3n xu\u1ea5t c\u1ea9n<span class=\"excerpt-hellip\"> [\u2026]<\/span>","protected":false},"author":3,"featured_media":0,"parent":0,"menu_order":0,"comment_status":"closed","ping_status":"closed","template":"","meta":{"footnotes":""},"yst_prominent_words":[],"class_list":["post-1356","page","type-page","status-publish","hentry"],"lang":"vi","translations":{"vi":1356,"en":620},"yoast_head":"<!-- This site is optimized with the Yoast SEO Premium plugin v14.1 - https:\/\/yoast.com\/wordpress\/plugins\/seo\/ -->\r\n<title>BAO D\u1ec6T CH\u1ea4T L\u01af\u1ee2NG CAO - CP Woven Bag (Thailand, Vietnam, USA)<\/title>\r\n<meta name=\"robots\" content=\"index, follow\" \/>\r\n<meta name=\"googlebot\" content=\"index, follow, max-snippet:-1, max-image-preview:large, max-video-preview:-1\" \/>\r\n<meta name=\"bingbot\" content=\"index, follow, max-snippet:-1, max-image-preview:large, max-video-preview:-1\" \/>\r\n<link rel=\"canonical\" href=\"https:\/\/cpwovenbag.com\/th\/bao-det-chat-luong-cao\/\" \/>\r\n<meta property=\"og:locale\" content=\"th_TH\" \/>\r\n<meta property=\"og:type\" content=\"article\" \/>\r\n<meta property=\"og:title\" content=\"BAO D\u1ec6T CH\u1ea4T L\u01af\u1ee2NG CAO - CP Woven Bag (Thailand, Vietnam, USA)\" \/>\r\n<meta property=\"og:url\" content=\"https:\/\/cpwovenbag.com\/th\/bao-det-chat-luong-cao\/\" \/>\r\n<meta property=\"og:site_name\" content=\"CP Woven Bag (Thailand, Vietnam, USA)\" \/>\r\n<meta property=\"article:publisher\" content=\"https:\/\/www.facebook.com\/CPPCVietnam\" \/>\r\n<meta property=\"article:modified_time\" content=\"2025-12-26T03:39:51+00:00\" \/>\r\n<meta property=\"og:image\" content=\"https:\/\/cpwovenbag.com\/wp-content\/uploads\/2021\/01\/3-bao12.jpg\" \/>\r\n\t<meta property=\"og:image:width\" content=\"478\" \/>\r\n\t<meta property=\"og:image:height\" content=\"478\" \/>\r\n<meta name=\"twitter:card\" content=\"summary_large_image\" \/>\r\n<script type=\"application\/ld+json\" class=\"yoast-schema-graph\">{\"@context\":\"https:\/\/schema.org\",\"@graph\":[{\"@type\":\"WebSite\",\"@id\":\"https:\/\/cpwovenbag.com\/th\/#website\",\"url\":\"https:\/\/cpwovenbag.com\/th\/\",\"name\":\"CP Woven Bag (Thailand, Vietnam, USA)\",\"description\":\"Our products: High quality PP woven bag BOPP Woven Bag, Laminated Bag, Half Tone Printing Bag\",\"potentialAction\":[{\"@type\":\"SearchAction\",\"target\":\"https:\/\/cpwovenbag.com\/th\/?s={search_term_string}\",\"query-input\":\"required name=search_term_string\"}],\"inLanguage\":\"th\"},{\"@type\":\"WebPage\",\"@id\":\"https:\/\/cpwovenbag.com\/bao-det-chat-luong-cao\/#webpage\",\"url\":\"https:\/\/cpwovenbag.com\/bao-det-chat-luong-cao\/\",\"name\":\"BAO D\\u1ec6T CH\\u1ea4T L\\u01af\\u1ee2NG CAO - CP Woven Bag (Thailand, Vietnam, USA)\",\"isPartOf\":{\"@id\":\"https:\/\/cpwovenbag.com\/th\/#website\"},\"datePublished\":\"2022-10-19T06:19:45+00:00\",\"dateModified\":\"2025-12-26T03:39:51+00:00\",\"inLanguage\":\"th\",\"potentialAction\":[{\"@type\":\"ReadAction\",\"target\":[\"https:\/\/cpwovenbag.com\/bao-det-chat-luong-cao\/\"]}]}]}<\/script>\r\n<!-- \/ Yoast SEO Premium plugin. -->","_links":{"self":[{"href":"https:\/\/cpwovenbag.com\/th\/wp-json\/wp\/v2\/pages\/1356","targetHints":{"allow":["GET"]}}],"collection":[{"href":"https:\/\/cpwovenbag.com\/th\/wp-json\/wp\/v2\/pages"}],"about":[{"href":"https:\/\/cpwovenbag.com\/th\/wp-json\/wp\/v2\/types\/page"}],"author":[{"embeddable":true,"href":"https:\/\/cpwovenbag.com\/th\/wp-json\/wp\/v2\/users\/3"}],"replies":[{"embeddable":true,"href":"https:\/\/cpwovenbag.com\/th\/wp-json\/wp\/v2\/comments?post=1356"}],"version-history":[{"count":0,"href":"https:\/\/cpwovenbag.com\/th\/wp-json\/wp\/v2\/pages\/1356\/revisions"}],"wp:attachment":[{"href":"https:\/\/cpwovenbag.com\/th\/wp-json\/wp\/v2\/media?parent=1356"}],"wp:term":[{"taxonomy":"yst_prominent_words","embeddable":true,"href":"https:\/\/cpwovenbag.com\/th\/wp-json\/wp\/v2\/yst_prominent_words?post=1356"}],"curies":[{"name":"wp","href":"https:\/\/api.w.org\/{rel}","templated":true}]}}